{"id":1061,"date":"2021-11-22T10:24:52","date_gmt":"2021-11-22T10:24:52","guid":{"rendered":"https:\/\/blockart-book-author.sites.qsandbox.com\/?page_id=21"},"modified":"2024-09-25T15:51:44","modified_gmt":"2024-09-25T15:51:44","slug":"ecrizemots","status":"publish","type":"page","link":"https:\/\/ecrizemots.teamael.com\/","title":{"rendered":"\u00c9criz\u00e9mots"},"content":{"rendered":"\n<div class=\"wp-block-columns is-layout-flex wp-container-core-columns-is-layout-9d6595d7 wp-block-columns-is-layout-flex\">\n<div class=\"wp-block-column is-layout-flow wp-block-column-is-layout-flow\"><div class=\"wp-block-image\">\n<figure class=\"aligncenter size-large\"><img loading=\"lazy\" decoding=\"async\" width=\"1024\" height=\"819\" src=\"https:\/\/ecrizemots.teamael.com\/wp-content\/uploads\/2023\/04\/ECRIZEMOTS-Book_Mockup_2-R-1024x819.jpg\" alt=\"\" class=\"wp-image-11\" srcset=\"https:\/\/ecrizemots.teamael.com\/wp-content\/uploads\/2023\/04\/ECRIZEMOTS-Book_Mockup_2-R-1024x819.jpg 1024w, https:\/\/ecrizemots.teamael.com\/wp-content\/uploads\/2023\/04\/ECRIZEMOTS-Book_Mockup_2-R-300x240.jpg 300w, https:\/\/ecrizemots.teamael.com\/wp-content\/uploads\/2023\/04\/ECRIZEMOTS-Book_Mockup_2-R-768x614.jpg 768w, https:\/\/ecrizemots.teamael.com\/wp-content\/uploads\/2023\/04\/ECRIZEMOTS-Book_Mockup_2-R.jpg 1200w\" sizes=\"auto, (max-width: 1024px) 100vw, 1024px\" \/><\/figure>\n<\/div><\/div>\n\n\n\n<div class=\"wp-block-column is-vertically-aligned-center is-layout-flow wp-block-column-is-layout-flow\">\n<h2 class=\"wp-block-heading\">\u00c9criz\u00e9mots<\/h2>\n\n\n\n<p>Les textes qui sont r\u00e9unis dans ce livre datent des ann\u00e9es 60. Tac tac tacatac tac tacatacatac gling\u2026 retour chariot, le cylindre tourne, les mots jouent avec les maux. Mots contre maux, motz\u00e9crits.<\/p>\n\n\n\n<p>Dans cet ouvrage, quelques \u00ab P\u00eetrerimes \u00bb, d\u2019aucuns diraient po\u00e8mes, mais l\u2019auteur s\u2019en d\u00e9fend farouchement et tient \u00e0 son n\u00e9ologisme. Il y a aussi quelques contes et nouvelles au style singulier, \u00e0 lire et relire doucement pour en appr\u00e9cier la saveur.<\/p>\n\n\n\n<div class=\"wp-block-buttons alignwide is-content-justification-center is-layout-flex wp-container-core-buttons-is-layout-16018d1d wp-block-buttons-is-layout-flex\">\n<div class=\"wp-block-button\"><a class=\"wp-block-button__link has-text-align-center wp-element-button\" href=\"https:\/\/www.paypal.com\/cgi-bin\/webscr?cmd=_s-xclick&amp;hosted_button_id=QHUNKSAC6B9SL\" target=\"_blank\" rel=\"noreferrer noopener\">Commander \u00c9criz\u00e9mots <br>via PayPal 12,00 \u20ac franco (France) <br>(CB ou Paypal)<\/a><\/div>\n<\/div>\n\n\n\n<p>144 pages \u2022 12,00 \u20ac TTC \u2022 Format 13,5&#215;22 cm \u2022 ISBN: 978-29-58725-00-6<\/p>\n<\/div>\n<\/div>\n\n\n\n<div class=\"wp-block-columns is-layout-flex wp-container-core-columns-is-layout-9d6595d7 wp-block-columns-is-layout-flex\">\n<div class=\"wp-block-column is-layout-flow wp-block-column-is-layout-flow\">\n<h2 class=\"wp-block-heading\">L&rsquo;auteur<\/h2>\n\n\n\n<p>Parisienne au c\u0153ur breton, ou l\u2019inverse, nourrie par les alexandrins classiques, les rimes en tous genres et les mythologies, Sabine Gayet a toujours \u00e9crit jouant avec les mots et les styles, pour elle-m\u00eame et le plus souvent pour les autres. La production d\u2019impromptus, discours, odes, fables, chansons, chroniques, articles, manifestes, revues, chroniques familiales, livres de m\u00e9moire&#8230; a \u00e9t\u00e9 son quotidien. Elle avait gard\u00e9 pour elle nombre de textes qui selon nous m\u00e9ritaient d\u2019\u00eatre publi\u00e9s, voil\u00e0 pourquoi \u00c9criz\u00e9mots&#8230;<\/p>\n\n\n\n<p>Il est important de citer, parmi les \u0153uvres \u00e9dit\u00e9es de Sabine Gayet, Archibald, une fable moderne, dont l\u2019aventure a d\u00e9j\u00e0 fait l\u2019objet de 2 volumes en bande dessin\u00e9e \u00abL\u2019Air en bo\u00eete\u00bb et \u00abArchibald au pays des Pingouins\u00bb et qui revient pr\u00e8s de 50 ans apr\u00e8s, toujours actuel, sous la forme d\u2019un r\u00e9cit en deux tomes int\u00e9grant un nouvel \u00e9pisode : \u00abL\u2019air en question\u00bb.<\/p>\n<\/div>\n\n\n\n<div class=\"wp-block-column is-vertically-aligned-center is-layout-flow wp-block-column-is-layout-flow\"><div class=\"wp-block-image\">\n<figure class=\"aligncenter size-full\"><img loading=\"lazy\" decoding=\"async\" width=\"413\" height=\"356\" src=\"https:\/\/ecrizemots.teamael.com\/wp-content\/uploads\/2023\/04\/Sab.jpg\" alt=\"\" class=\"wp-image-1148\" srcset=\"https:\/\/ecrizemots.teamael.com\/wp-content\/uploads\/2023\/04\/Sab.jpg 413w, https:\/\/ecrizemots.teamael.com\/wp-content\/uploads\/2023\/04\/Sab-300x259.jpg 300w\" sizes=\"auto, (max-width: 413px) 100vw, 413px\" \/><\/figure>\n<\/div><\/div>\n<\/div>\n","protected":false},"excerpt":{"rendered":"<p>\u00c9criz\u00e9mots Les textes qui sont r\u00e9unis dans ce livre datent des ann\u00e9es 60. Tac tac tacatac tac tacatacatac gling\u2026 retour chariot, le cylindre tourne, les mots jouent avec les maux. &#8230;<\/p>\n","protected":false},"author":1,"featured_media":0,"parent":0,"menu_order":0,"comment_status":"closed","ping_status":"closed","template":"","meta":{"footnotes":""},"class_list":["post-1061","page","type-page","status-publish","hentry"],"yoast_head":"<!-- This site is optimized with the Yoast SEO plugin v23.5 - https:\/\/yoast.com\/wordpress\/plugins\/seo\/ -->\n<title>\u00c9criz\u00e9mots - \u00c9criz\u00e9mots<\/title>\n<meta name=\"description\" content=\"Ecrizemots : S\u00e9lection de po\u00e8mes, contes et nouvelles \u00e9crits par Sabine Gayet. Parisienne au c\u0153ur breton, ou l\u2019inverse, nourrie par les alexandrins classiques, les rimes en tous genres et les mythologies, Sabine a toujours \u00e9crit jouant avec les mots et les styles, pour elle-m\u00eame et le plus souvent pour les autres. La production d\u2019impromptus, discours, odes, fables, chansons, chroniques, articles, manifestes, revues, chroniques familiales, livres de m\u00e9moire... a \u00e9t\u00e9 son quotidien. Elle avait gard\u00e9 pour elle nombre de textes qui selon nous m\u00e9ritaient d\u2019\u00eatre publi\u00e9s, voil\u00e0 pourquoi \u00c9criz\u00e9mots...\" \/>\n<meta name=\"robots\" content=\"index, follow, max-snippet:-1, max-image-preview:large, max-video-preview:-1\" \/>\n<link rel=\"canonical\" href=\"https:\/\/ecrizemots.teamael.com\/\" \/>\n<meta property=\"og:locale\" content=\"fr_FR\" \/>\n<meta property=\"og:type\" content=\"article\" \/>\n<meta property=\"og:title\" content=\"\u00c9criz\u00e9mots - \u00c9criz\u00e9mots\" \/>\n<meta property=\"og:description\" content=\"Ecrizemots : S\u00e9lection de po\u00e8mes, contes et nouvelles \u00e9crits par Sabine Gayet. Parisienne au c\u0153ur breton, ou l\u2019inverse, nourrie par les alexandrins classiques, les rimes en tous genres et les mythologies, Sabine a toujours \u00e9crit jouant avec les mots et les styles, pour elle-m\u00eame et le plus souvent pour les autres. La production d\u2019impromptus, discours, odes, fables, chansons, chroniques, articles, manifestes, revues, chroniques familiales, livres de m\u00e9moire... a \u00e9t\u00e9 son quotidien. Elle avait gard\u00e9 pour elle nombre de textes qui selon nous m\u00e9ritaient d\u2019\u00eatre publi\u00e9s, voil\u00e0 pourquoi \u00c9criz\u00e9mots...\" \/>\n<meta property=\"og:url\" content=\"https:\/\/ecrizemots.teamael.com\/\" \/>\n<meta property=\"og:site_name\" content=\"\u00c9criz\u00e9mots\" \/>\n<meta property=\"article:modified_time\" content=\"2024-09-25T15:51:44+00:00\" \/>\n<meta property=\"og:image\" content=\"https:\/\/ecrizemots.teamael.com\/wp-content\/uploads\/2023\/04\/ECRIZEMOTS-Book_Mockup_2-R-1024x819.jpg\" \/>\n<meta name=\"twitter:card\" content=\"summary_large_image\" \/>\n<meta name=\"twitter:label1\" content=\"Dur\u00e9e de lecture estim\u00e9e\" \/>\n\t<meta name=\"twitter:data1\" content=\"2 minutes\" \/>\n<script type=\"application\/ld+json\" class=\"yoast-schema-graph\">{\"@context\":\"https:\/\/schema.org\",\"@graph\":[{\"@type\":\"WebPage\",\"@id\":\"https:\/\/ecrizemots.teamael.com\/\",\"url\":\"https:\/\/ecrizemots.teamael.com\/\",\"name\":\"\u00c9criz\u00e9mots - \u00c9criz\u00e9mots\",\"isPartOf\":{\"@id\":\"https:\/\/ecrizemots.teamael.com\/#website\"},\"primaryImageOfPage\":{\"@id\":\"https:\/\/ecrizemots.teamael.com\/#primaryimage\"},\"image\":{\"@id\":\"https:\/\/ecrizemots.teamael.com\/#primaryimage\"},\"thumbnailUrl\":\"https:\/\/ecrizemots.teamael.com\/wp-content\/uploads\/2023\/04\/ECRIZEMOTS-Book_Mockup_2-R-1024x819.jpg\",\"datePublished\":\"2021-11-22T10:24:52+00:00\",\"dateModified\":\"2024-09-25T15:51:44+00:00\",\"description\":\"Ecrizemots : S\u00e9lection de po\u00e8mes, contes et nouvelles \u00e9crits par Sabine Gayet. Parisienne au c\u0153ur breton, ou l\u2019inverse, nourrie par les alexandrins classiques, les rimes en tous genres et les mythologies, Sabine a toujours \u00e9crit jouant avec les mots et les styles, pour elle-m\u00eame et le plus souvent pour les autres. La production d\u2019impromptus, discours, odes, fables, chansons, chroniques, articles, manifestes, revues, chroniques familiales, livres de m\u00e9moire... a \u00e9t\u00e9 son quotidien. Elle avait gard\u00e9 pour elle nombre de textes qui selon nous m\u00e9ritaient d\u2019\u00eatre publi\u00e9s, voil\u00e0 pourquoi \u00c9criz\u00e9mots...\",\"breadcrumb\":{\"@id\":\"https:\/\/ecrizemots.teamael.com\/#breadcrumb\"},\"inLanguage\":\"fr-FR\",\"potentialAction\":[{\"@type\":\"ReadAction\",\"target\":[\"https:\/\/ecrizemots.teamael.com\/\"]}]},{\"@type\":\"ImageObject\",\"inLanguage\":\"fr-FR\",\"@id\":\"https:\/\/ecrizemots.teamael.com\/#primaryimage\",\"url\":\"https:\/\/ecrizemots.teamael.com\/wp-content\/uploads\/2023\/04\/ECRIZEMOTS-Book_Mockup_2-R.jpg\",\"contentUrl\":\"https:\/\/ecrizemots.teamael.com\/wp-content\/uploads\/2023\/04\/ECRIZEMOTS-Book_Mockup_2-R.jpg\",\"width\":1200,\"height\":960},{\"@type\":\"BreadcrumbList\",\"@id\":\"https:\/\/ecrizemots.teamael.com\/#breadcrumb\",\"itemListElement\":[{\"@type\":\"ListItem\",\"position\":1,\"name\":\"Accueil\",\"item\":\"https:\/\/ecrizemots.teamael.com\/\"},{\"@type\":\"ListItem\",\"position\":2,\"name\":\"\u00c9criz\u00e9mots\"}]},{\"@type\":\"WebSite\",\"@id\":\"https:\/\/ecrizemots.teamael.com\/#website\",\"url\":\"https:\/\/ecrizemots.teamael.com\/\",\"name\":\"\u00c9criz\u00e9mots\",\"description\":\"\",\"publisher\":{\"@id\":\"https:\/\/ecrizemots.teamael.com\/#organization\"},\"potentialAction\":[{\"@type\":\"SearchAction\",\"target\":{\"@type\":\"EntryPoint\",\"urlTemplate\":\"https:\/\/ecrizemots.teamael.com\/?s={search_term_string}\"},\"query-input\":{\"@type\":\"PropertyValueSpecification\",\"valueRequired\":true,\"valueName\":\"search_term_string\"}}],\"inLanguage\":\"fr-FR\"},{\"@type\":\"Organization\",\"@id\":\"https:\/\/ecrizemots.teamael.com\/#organization\",\"name\":\"\u00c9criz\u00e9mots\",\"url\":\"https:\/\/ecrizemots.teamael.com\/\",\"logo\":{\"@type\":\"ImageObject\",\"inLanguage\":\"fr-FR\",\"@id\":\"https:\/\/ecrizemots.teamael.com\/#\/schema\/logo\/image\/\",\"url\":\"https:\/\/ecrizemots.teamael.com\/wp-content\/uploads\/2023\/04\/cropped-Ecrizemots-SQ-512.jpg\",\"contentUrl\":\"https:\/\/ecrizemots.teamael.com\/wp-content\/uploads\/2023\/04\/cropped-Ecrizemots-SQ-512.jpg\",\"width\":512,\"height\":512,\"caption\":\"\u00c9criz\u00e9mots\"},\"image\":{\"@id\":\"https:\/\/ecrizemots.teamael.com\/#\/schema\/logo\/image\/\"}}]}<\/script>\n<!-- \/ Yoast SEO plugin. -->","yoast_head_json":{"title":"\u00c9criz\u00e9mots - \u00c9criz\u00e9mots","description":"Ecrizemots : S\u00e9lection de po\u00e8mes, contes et nouvelles \u00e9crits par Sabine Gayet. Parisienne au c\u0153ur breton, ou l\u2019inverse, nourrie par les alexandrins classiques, les rimes en tous genres et les mythologies, Sabine a toujours \u00e9crit jouant avec les mots et les styles, pour elle-m\u00eame et le plus souvent pour les autres. La production d\u2019impromptus, discours, odes, fables, chansons, chroniques, articles, manifestes, revues, chroniques familiales, livres de m\u00e9moire... a \u00e9t\u00e9 son quotidien. Elle avait gard\u00e9 pour elle nombre de textes qui selon nous m\u00e9ritaient d\u2019\u00eatre publi\u00e9s, voil\u00e0 pourquoi \u00c9criz\u00e9mots...","robots":{"index":"index","follow":"follow","max-snippet":"max-snippet:-1","max-image-preview":"max-image-preview:large","max-video-preview":"max-video-preview:-1"},"canonical":"https:\/\/ecrizemots.teamael.com\/","og_locale":"fr_FR","og_type":"article","og_title":"\u00c9criz\u00e9mots - \u00c9criz\u00e9mots","og_description":"Ecrizemots : S\u00e9lection de po\u00e8mes, contes et nouvelles \u00e9crits par Sabine Gayet. Parisienne au c\u0153ur breton, ou l\u2019inverse, nourrie par les alexandrins classiques, les rimes en tous genres et les mythologies, Sabine a toujours \u00e9crit jouant avec les mots et les styles, pour elle-m\u00eame et le plus souvent pour les autres. La production d\u2019impromptus, discours, odes, fables, chansons, chroniques, articles, manifestes, revues, chroniques familiales, livres de m\u00e9moire... a \u00e9t\u00e9 son quotidien. Elle avait gard\u00e9 pour elle nombre de textes qui selon nous m\u00e9ritaient d\u2019\u00eatre publi\u00e9s, voil\u00e0 pourquoi \u00c9criz\u00e9mots...","og_url":"https:\/\/ecrizemots.teamael.com\/","og_site_name":"\u00c9criz\u00e9mots","article_modified_time":"2024-09-25T15:51:44+00:00","og_image":[{"url":"https:\/\/ecrizemots.teamael.com\/wp-content\/uploads\/2023\/04\/ECRIZEMOTS-Book_Mockup_2-R-1024x819.jpg"}],"twitter_card":"summary_large_image","twitter_misc":{"Dur\u00e9e de lecture estim\u00e9e":"2 minutes"},"schema":{"@context":"https:\/\/schema.org","@graph":[{"@type":"WebPage","@id":"https:\/\/ecrizemots.teamael.com\/","url":"https:\/\/ecrizemots.teamael.com\/","name":"\u00c9criz\u00e9mots - \u00c9criz\u00e9mots","isPartOf":{"@id":"https:\/\/ecrizemots.teamael.com\/#website"},"primaryImageOfPage":{"@id":"https:\/\/ecrizemots.teamael.com\/#primaryimage"},"image":{"@id":"https:\/\/ecrizemots.teamael.com\/#primaryimage"},"thumbnailUrl":"https:\/\/ecrizemots.teamael.com\/wp-content\/uploads\/2023\/04\/ECRIZEMOTS-Book_Mockup_2-R-1024x819.jpg","datePublished":"2021-11-22T10:24:52+00:00","dateModified":"2024-09-25T15:51:44+00:00","description":"Ecrizemots : S\u00e9lection de po\u00e8mes, contes et nouvelles \u00e9crits par Sabine Gayet. Parisienne au c\u0153ur breton, ou l\u2019inverse, nourrie par les alexandrins classiques, les rimes en tous genres et les mythologies, Sabine a toujours \u00e9crit jouant avec les mots et les styles, pour elle-m\u00eame et le plus souvent pour les autres. La production d\u2019impromptus, discours, odes, fables, chansons, chroniques, articles, manifestes, revues, chroniques familiales, livres de m\u00e9moire... a \u00e9t\u00e9 son quotidien. Elle avait gard\u00e9 pour elle nombre de textes qui selon nous m\u00e9ritaient d\u2019\u00eatre publi\u00e9s, voil\u00e0 pourquoi \u00c9criz\u00e9mots...","breadcrumb":{"@id":"https:\/\/ecrizemots.teamael.com\/#breadcrumb"},"inLanguage":"fr-FR","potentialAction":[{"@type":"ReadAction","target":["https:\/\/ecrizemots.teamael.com\/"]}]},{"@type":"ImageObject","inLanguage":"fr-FR","@id":"https:\/\/ecrizemots.teamael.com\/#primaryimage","url":"https:\/\/ecrizemots.teamael.com\/wp-content\/uploads\/2023\/04\/ECRIZEMOTS-Book_Mockup_2-R.jpg","contentUrl":"https:\/\/ecrizemots.teamael.com\/wp-content\/uploads\/2023\/04\/ECRIZEMOTS-Book_Mockup_2-R.jpg","width":1200,"height":960},{"@type":"BreadcrumbList","@id":"https:\/\/ecrizemots.teamael.com\/#breadcrumb","itemListElement":[{"@type":"ListItem","position":1,"name":"Accueil","item":"https:\/\/ecrizemots.teamael.com\/"},{"@type":"ListItem","position":2,"name":"\u00c9criz\u00e9mots"}]},{"@type":"WebSite","@id":"https:\/\/ecrizemots.teamael.com\/#website","url":"https:\/\/ecrizemots.teamael.com\/","name":"\u00c9criz\u00e9mots","description":"","publisher":{"@id":"https:\/\/ecrizemots.teamael.com\/#organization"},"potentialAction":[{"@type":"SearchAction","target":{"@type":"EntryPoint","urlTemplate":"https:\/\/ecrizemots.teamael.com\/?s={search_term_string}"},"query-input":{"@type":"PropertyValueSpecification","valueRequired":true,"valueName":"search_term_string"}}],"inLanguage":"fr-FR"},{"@type":"Organization","@id":"https:\/\/ecrizemots.teamael.com\/#organization","name":"\u00c9criz\u00e9mots","url":"https:\/\/ecrizemots.teamael.com\/","logo":{"@type":"ImageObject","inLanguage":"fr-FR","@id":"https:\/\/ecrizemots.teamael.com\/#\/schema\/logo\/image\/","url":"https:\/\/ecrizemots.teamael.com\/wp-content\/uploads\/2023\/04\/cropped-Ecrizemots-SQ-512.jpg","contentUrl":"https:\/\/ecrizemots.teamael.com\/wp-content\/uploads\/2023\/04\/cropped-Ecrizemots-SQ-512.jpg","width":512,"height":512,"caption":"\u00c9criz\u00e9mots"},"image":{"@id":"https:\/\/ecrizemots.teamael.com\/#\/schema\/logo\/image\/"}}]}},"_links":{"self":[{"href":"https:\/\/ecrizemots.teamael.com\/index.php\/wp-json\/wp\/v2\/pages\/1061","targetHints":{"allow":["GET"]}}],"collection":[{"href":"https:\/\/ecrizemots.teamael.com\/index.php\/wp-json\/wp\/v2\/pages"}],"about":[{"href":"https:\/\/ecrizemots.teamael.com\/index.php\/wp-json\/wp\/v2\/types\/page"}],"author":[{"embeddable":true,"href":"https:\/\/ecrizemots.teamael.com\/index.php\/wp-json\/wp\/v2\/users\/1"}],"replies":[{"embeddable":true,"href":"https:\/\/ecrizemots.teamael.com\/index.php\/wp-json\/wp\/v2\/comments?post=1061"}],"version-history":[{"count":44,"href":"https:\/\/ecrizemots.teamael.com\/index.php\/wp-json\/wp\/v2\/pages\/1061\/revisions"}],"predecessor-version":[{"id":1225,"href":"https:\/\/ecrizemots.teamael.com\/index.php\/wp-json\/wp\/v2\/pages\/1061\/revisions\/1225"}],"wp:attachment":[{"href":"https:\/\/ecrizemots.teamael.com\/index.php\/wp-json\/wp\/v2\/media?parent=1061"}],"curies":[{"name":"wp","href":"https:\/\/api.w.org\/{rel}","templated":true}]}}